{"id":2858,"date":"2025-01-12T18:48:55","date_gmt":"2025-01-12T23:48:55","guid":{"rendered":"https:\/\/swap.com.co\/inicio\/?page_id=2858"},"modified":"2026-02-24T20:37:00","modified_gmt":"2026-02-25T01:37:00","slug":"interpretacion","status":"publish","type":"page","link":"https:\/\/swap.com.co\/inicio\/interpretacion\/","title":{"rendered":"Interpretaci\u00f3n"},"content":{"rendered":"<p>[et_pb_section fb_built=\u00bb1&#8243; admin_label=\u00bbHero\u00bb _builder_version=\u00bb4.27.2&#8243; _module_preset=\u00bb74c69059-8e69-4122-b1e6-dfeabf6c5711&#8243; use_background_color_gradient=\u00bbon\u00bb background_color_gradient_direction=\u00bb-90deg\u00bb background_color_gradient_stops=\u00bbrgba(0,0,0,0.38) 0%|rgba(0,0,0,0.66) 100%\u00bb background_color_gradient_overlays_image=\u00bbon\u00bb background_color_gradient_start=\u00bbrgba(0,0,0,0.5)\u00bb background_color_gradient_end=\u00bbrgba(0,0,0,0.75)\u00bb background_image=\u00bbhttps:\/\/swap.com.co\/wp-content\/uploads\/2024\/12\/Interpretacion-simultanea-Interpretacion-de-cabina.webp\u00bb custom_padding=\u00bb8vw||2vw||false|false\u00bb locked=\u00bboff\u00bb collapsed=\u00bbon\u00bb global_colors_info=\u00bb{}\u00bb][et_pb_row _builder_version=\u00bb4.18.0&#8243; _module_preset=\u00bb5138c454-be54-4233-bd3b-f8e6a8747976&#8243; locked=\u00bboff\u00bb global_colors_info=\u00bb{}\u00bb][et_pb_column type=\u00bb4_4&#8243; _builder_version=\u00bb4.16&#8243; _module_preset=\u00bb73121f80-a3ef-4484-8763-c3f18e3c56d2&#8243; global_colors_info=\u00bb{}\u00bb][et_pb_heading title=\u00bbServicios Swap Translators\u00bb _builder_version=\u00bb4.27.2&#8243; _module_preset=\u00bbf0c675ea-2574-4d0e-b725-30f8550a8550&#8243; title_level=\u00bbh4&#8243; title_font=\u00bbRoboto|Poppins_weight||on|||||\u00bb title_text_align=\u00bbcenter\u00bb title_text_color=\u00bb#00E2D2&#8243; title_font_size=\u00bb14px\u00bb title_letter_spacing=\u00bb1px\u00bb title_line_height=\u00bb1.4em\u00bb custom_margin=\u00bb||10px||false|false\u00bb title_font_size_tablet=\u00bb13px\u00bb title_font_size_phone=\u00bb13px\u00bb title_font_size_last_edited=\u00bbon|desktop\u00bb locked=\u00bboff\u00bb global_colors_info=\u00bb{}\u00bb][\/et_pb_heading][et_pb_heading title=\u00bbInterpretaci\u00f3n\u00bb _builder_version=\u00bb4.27.2&#8243; _module_preset=\u00bbddeb8c09-9078-4424-bc15-2efb6572e28e\u00bb title_font=\u00bbPoppins|Poppins_weight|||||||\u00bb title_text_align=\u00bbcenter\u00bb title_text_color=\u00bb#FFFFFF\u00bb title_font_size=\u00bb68px\u00bb title_line_height=\u00bb1.15em\u00bb custom_margin=\u00bb||16px|||\u00bb title_font_size_tablet=\u00bb60px\u00bb title_font_size_phone=\u00bb40px\u00bb title_font_size_last_edited=\u00bbon|phone\u00bb locked=\u00bboff\u00bb global_colors_info=\u00bb{}\u00bb][\/et_pb_heading][et_pb_text quote_border_color=\u00bb#FFFFFF\u00bb _builder_version=\u00bb4.27.2&#8243; _module_preset=\u00bb0504de1e-f5ff-4281-ba60-cbbe4edf98bc\u00bb text_font=\u00bbRoboto|Roboto_weight|||||||\u00bb text_text_color=\u00bb#FFFFFF\u00bb text_font_size=\u00bb18px\u00bb text_line_height=\u00bb1.75em\u00bb link_font=\u00bb||||on||||\u00bb link_text_color=\u00bb#FFFFFF\u00bb quote_font=\u00bbPoppins|Poppins_weight|||||||\u00bb quote_text_color=\u00bb#FFFFFF\u00bb header_font=\u00bbPoppins|Poppins_weight|||||||\u00bb header_text_color=\u00bb#FFFFFF\u00bb header_font_size=\u00bb72px\u00bb header_line_height=\u00bb1.15em\u00bb header_2_font=\u00bbPoppins|Poppins_weight|||||||\u00bb header_2_text_color=\u00bb#FFFFFF\u00bb header_2_font_size=\u00bb50px\u00bb header_2_line_height=\u00bb1.2em\u00bb header_3_font=\u00bbPoppins|Poppins_weight|||||||\u00bb header_3_text_color=\u00bb#FFFFFF\u00bb header_3_font_size=\u00bb32px\u00bb header_3_line_height=\u00bb1.3em\u00bb header_4_font=\u00bbPoppins|Poppins_weight|||||||\u00bb header_4_text_color=\u00bb#FFFFFF\u00bb header_4_font_size=\u00bb24px\u00bb header_4_line_height=\u00bb1.4em\u00bb header_5_font=\u00bbPoppins|Poppins_weight|||||||\u00bb header_5_text_color=\u00bb#FFFFFF\u00bb header_5_font_size=\u00bb18px\u00bb header_5_line_height=\u00bb1.4em\u00bb header_6_font=\u00bbPoppins|Poppins_weight|||||||\u00bb header_6_text_color=\u00bb#FFFFFF\u00bb header_6_line_height=\u00bb1.5em\u00bb text_orientation=\u00bbcenter\u00bb custom_margin=\u00bb||||false|false\u00bb text_font_size_tablet=\u00bb15px\u00bb text_font_size_phone=\u00bb14px\u00bb text_font_size_last_edited=\u00bbon|phone\u00bb header_font_size_tablet=\u00bb40px\u00bb header_font_size_phone=\u00bb24px\u00bb header_font_size_last_edited=\u00bbon|desktop\u00bb header_2_font_size_tablet=\u00bb28px\u00bb header_2_font_size_phone=\u00bb20px\u00bb header_2_font_size_last_edited=\u00bbon|phone\u00bb header_3_font_size_tablet=\u00bb22px\u00bb header_3_font_size_phone=\u00bb17px\u00bb header_3_font_size_last_edited=\u00bbon|phone\u00bb header_4_font_size_tablet=\u00bb18px\u00bb header_4_font_size_phone=\u00bb15px\u00bb header_4_font_size_last_edited=\u00bbon|tablet\u00bb header_5_font_size_tablet=\u00bb15px\u00bb header_5_font_size_phone=\u00bb14px\u00bb header_5_font_size_last_edited=\u00bbon|desktop\u00bb header_6_font_size_tablet=\u00bb13px\u00bb header_6_font_size_phone=\u00bb13px\u00bb header_6_font_size_last_edited=\u00bbon|desktop\u00bb locked=\u00bboff\u00bb global_colors_info=\u00bb{%22#1d3557%22:%91%22link_text_color%22%93,%22#1625a3%22:%91%22header_text_color%22,%22header_4_text_color%22,%22header_3_text_color%22,%22header_2_text_color%22,%22header_5_text_color%22,%22header_6_text_color%22%93,%22#457b9d%22:%91%22quote_border_color%22%93}\u00bb]<\/p>\n<p>Supera la barrera del idioma en tiempo real con nuestros servicios de interpretaci\u00f3n.<\/p>\n<p>[\/et_pb_text][et_pb_button button_url=\u00bbhttps:\/\/api.whatsapp.com\/send\/?phone=573181375583&#038;text&#038;type=phone_number&#038;app_absent=0&#8243; button_text=\u00bbSolicita tu cotizaci\u00f3n\u00bb button_alignment=\u00bbcenter\u00bb _builder_version=\u00bb4.27.2&#8243; _module_preset=\u00bbdefault\u00bb custom_button=\u00bbon\u00bb button_text_size=\u00bb16px\u00bb button_text_color=\u00bb#1625A3&#8243; button_bg_color=\u00bb#00E2D2&#8243; button_border_width=\u00bb0px\u00bb button_border_radius=\u00bb24px\u00bb button_font=\u00bbRoboto|500|||||||\u00bb button_use_icon=\u00bboff\u00bb custom_margin=\u00bb120px||||false|false\u00bb custom_margin_tablet=\u00bb100px||||false|false\u00bb custom_margin_phone=\u00bb100px||||false|false\u00bb custom_margin_last_edited=\u00bbon|phone\u00bb custom_padding=\u00bb10px|24px|10px|24px|true|true\u00bb hover_enabled=\u00bb0&#8243; box_shadow_style=\u00bbpreset1&#8243; box_shadow_vertical=\u00bb0px\u00bb box_shadow_blur=\u00bb10px\u00bb locked=\u00bboff\u00bb global_colors_info=\u00bb{}\u00bb button_text_color__hover_enabled=\u00bbon|hover\u00bb button_text_color__hover=\u00bb#1625a3&#8243; button_bg_color__hover_enabled=\u00bbon|hover\u00bb button_bg_color__hover=\u00bb#FFFFFF\u00bb button_bg_enable_color__hover=\u00bbon\u00bb sticky_enabled=\u00bb0&#8243;][\/et_pb_button][\/et_pb_column][\/et_pb_row][\/et_pb_section][et_pb_section fb_built=\u00bb1&#8243; admin_label=\u00bbAbout\u00bb _builder_version=\u00bb4.27.2&#8243; _module_preset=\u00bbdefault\u00bb background_color=\u00bb#FFFFFF\u00bb custom_padding=\u00bb||4px|||\u00bb collapsed=\u00bbon\u00bb global_colors_info=\u00bb{}\u00bb][et_pb_row column_structure=\u00bb1_2,1_2&#8243; _builder_version=\u00bb4.27.2&#8243; _module_preset=\u00bbdefault\u00bb locked=\u00bboff\u00bb global_colors_info=\u00bb{}\u00bb text_font_size_tablet=\u00bb18px\u00bb text_font_size_phone=\u00bb16px\u00bb text_font_size_last_edited=\u00bbon|phone\u00bb][et_pb_column type=\u00bb1_2&#8243; _builder_version=\u00bb4.27.4&#8243; _module_preset=\u00bbdefault\u00bb global_colors_info=\u00bb{}\u00bb][et_pb_text _builder_version=\u00bb4.27.2&#8243; _module_preset=\u00bbdefault\u00bb header_font_size=\u00bb28px\u00bb header_2_font=\u00bbPoppins|700|||||||\u00bb header_2_text_color=\u00bb#19b2ab\u00bb header_2_font_size=\u00bb36px\u00bb custom_margin_tablet=\u00bb|20px||20px|false|true\u00bb custom_margin_phone=\u00bb|20px||20px|false|true\u00bb custom_margin_last_edited=\u00bbon|phone\u00bb custom_padding_tablet=\u00bb\u00bb custom_padding_phone=\u00bb|3px||3px|false|false\u00bb custom_padding_last_edited=\u00bbon|phone\u00bb header_2_font_size_tablet=\u00bb36px\u00bb header_2_font_size_phone=\u00bb36px\u00bb header_2_font_size_last_edited=\u00bbon|desktop\u00bb global_colors_info=\u00bb{}\u00bb]<\/p>\n<h2>De manera presencial o remota, te respaldamos en cada paso<\/h2>\n<p>[\/et_pb_text][et_pb_image src=\u00bbhttps:\/\/swap.com.co\/wp-content\/uploads\/2024\/12\/Habilidades-de-interprete.webp\u00bb title_text=\u00bbHabilidades-de-interprete\u00bb _builder_version=\u00bb4.27.2&#8243; _module_preset=\u00bbdefault\u00bb custom_margin=\u00bb|0px||0px|false|true\u00bb custom_margin_tablet=\u00bb|40px||40px|false|true\u00bb custom_margin_phone=\u00bb|20px||20px|false|true\u00bb custom_margin_last_edited=\u00bbon|desktop\u00bb global_colors_info=\u00bb{}\u00bb][\/et_pb_image][et_pb_button button_url=\u00bbhttps:\/\/api.whatsapp.com\/send\/?phone=573181375583&#038;text&#038;type=phone_number&#038;app_absent=0&#8243; button_text=\u00bbSolicita tu cotizaci\u00f3n\u00bb button_alignment=\u00bbleft\u00bb button_alignment_tablet=\u00bbcenter\u00bb button_alignment_phone=\u00bbcenter\u00bb button_alignment_last_edited=\u00bbon|tablet\u00bb _builder_version=\u00bb4.27.2&#8243; _module_preset=\u00bbdefault\u00bb custom_button=\u00bbon\u00bb button_text_size=\u00bb16px\u00bb button_text_color=\u00bb#FFFFFF\u00bb button_bg_color=\u00bb#0d36b8&#8243; button_border_width=\u00bb0px\u00bb button_border_radius=\u00bb24px\u00bb button_font=\u00bbRoboto|500|||||||\u00bb button_use_icon=\u00bboff\u00bb custom_margin=\u00bb60px||||false|false\u00bb custom_margin_tablet=\u00bb0px||31px||false|false\u00bb custom_margin_phone=\u00bb0px||||false|false\u00bb custom_margin_last_edited=\u00bbon|tablet\u00bb custom_padding=\u00bb10px|24px|10px|24px|true|true\u00bb hover_enabled=\u00bb0&#8243; box_shadow_style=\u00bbpreset1&#8243; box_shadow_vertical=\u00bb0px\u00bb box_shadow_blur=\u00bb10px\u00bb locked=\u00bboff\u00bb global_colors_info=\u00bb{}\u00bb button_text_color__hover_enabled=\u00bbon|hover\u00bb button_text_color__hover=\u00bb#1625a3&#8243; button_bg_color__hover_enabled=\u00bbon|hover\u00bb button_bg_color__hover=\u00bb#FFFFFF\u00bb button_bg_enable_color__hover=\u00bbon\u00bb custom_padding__hover_enabled=\u00bbon|desktop\u00bb custom_padding__hover=\u00bb10px|24px|10px|24px|true|true\u00bb sticky_enabled=\u00bb0&#8243;][\/et_pb_button][\/et_pb_column][et_pb_column type=\u00bb1_2&#8243; _builder_version=\u00bb4.27.4&#8243; _module_preset=\u00bbdefault\u00bb global_colors_info=\u00bb{}\u00bb][et_pb_text _builder_version=\u00bb4.27.2&#8243; _module_preset=\u00bbdefault\u00bb text_font=\u00bbRoboto|300|||||||\u00bb text_text_color=\u00bb#000000&#8243; text_font_size=\u00bb18px\u00bb text_line_height=\u00bb1.6em\u00bb header_3_font=\u00bbRoboto||||||||\u00bb custom_margin_tablet=\u00bb|40px||40px|false|false\u00bb custom_margin_phone=\u00bb|20px||20px|false|false\u00bb custom_margin_last_edited=\u00bbon|tablet\u00bb text_font_size_tablet=\u00bb18px\u00bb text_font_size_phone=\u00bb16px\u00bb text_font_size_last_edited=\u00bbon|phone\u00bb global_colors_info=\u00bb{}\u00bb]<\/p>\n<h3><strong>Asistencia para tu evento<\/strong><\/h3>\n<p>Enf\u00f3quese en crear un evento inolvidable, mientras nuestro equipo de expertos en gesti\u00f3n de proyectos y soporte t\u00e9cnico se encarga de todos los detalles. \u00a1Obtenga el servicio perfecto para usted!<\/p>\n<p>[\/et_pb_text][et_pb_text _builder_version=\u00bb4.27.2&#8243; _module_preset=\u00bbdefault\u00bb text_font=\u00bbRoboto|300|||||||\u00bb text_text_color=\u00bb#000000&#8243; text_font_size=\u00bb18px\u00bb text_line_height=\u00bb1.6em\u00bb header_3_font=\u00bbRoboto||||||||\u00bb text_font_size_tablet=\u00bb18px\u00bb text_font_size_phone=\u00bb16px\u00bb text_font_size_last_edited=\u00bbon|phone\u00bb global_colors_info=\u00bb{}\u00bb]<\/p>\n<h3>Versatilidad de idiomas<\/h3>\n<p>Con int\u00e9rpretes expertos en ingl\u00e9s, mandar\u00edn, portugu\u00e9s y m\u00faltiples lenguas, conectamos culturas y aseguramos una comunicaci\u00f3n fluida en cualquier escenario. \u00a1Lleve su mensaje al mundo sin barreras!<\/p>\n<p>[\/et_pb_text][et_pb_text _builder_version=\u00bb4.27.2&#8243; _module_preset=\u00bbdefault\u00bb text_font=\u00bbRoboto|300|||||||\u00bb text_text_color=\u00bb#000000&#8243; text_font_size=\u00bb18px\u00bb text_line_height=\u00bb1.6em\u00bb header_3_font=\u00bbRoboto||||||||\u00bb text_font_size_tablet=\u00bb18px\u00bb text_font_size_phone=\u00bb16px\u00bb text_font_size_last_edited=\u00bbon|phone\u00bb global_colors_info=\u00bb{}\u00bb]<\/p>\n<h3>Especializaci\u00f3n<\/h3>\n<p>Contamos con int\u00e9rpretes expertos en sectores clave como legal, m\u00e9dico, empresarial y t\u00e9cnico, garantizando precisi\u00f3n y profesionalismo en cada palabra. \u00a1Conf\u00ede en los mejores!<\/p>\n<p>[\/et_pb_text][et_pb_text _builder_version=\u00bb4.27.2&#8243; _module_preset=\u00bbdefault\u00bb text_font=\u00bbRoboto|300|||||||\u00bb text_text_color=\u00bb#000000&#8243; text_font_size=\u00bb18px\u00bb text_line_height=\u00bb1.6em\u00bb header_3_font=\u00bbRoboto||||||||\u00bb text_font_size_tablet=\u00bb18px\u00bb text_font_size_phone=\u00bb16px\u00bb text_font_size_last_edited=\u00bbon|phone\u00bb global_colors_info=\u00bb{}\u00bb]<\/p>\n<h3>Disponibilidad<\/h3>\n<p>Siempre a su alcance. Ofrecemos disponibilidad inmediata y flexible para adaptarnos a sus necesidades, asegurando que tenga el soporte ling\u00fc\u00edstico que requiere, cuando lo necesite. \u00a1Estamos aqu\u00ed para usted!<\/p>\n<p>[\/et_pb_text][\/et_pb_column][\/et_pb_row][et_pb_row _builder_version=\u00bb4.27.2&#8243; _module_preset=\u00bbdefault\u00bb global_colors_info=\u00bb{}\u00bb][et_pb_column type=\u00bb4_4&#8243; _builder_version=\u00bb4.27.2&#8243; _module_preset=\u00bbdefault\u00bb global_colors_info=\u00bb{}\u00bb][et_pb_text _builder_version=\u00bb4.27.2&#8243; _module_preset=\u00bbdefault\u00bb border_color_all=\u00bb#1625a3&#8243; border_width_bottom=\u00bb1px\u00bb global_colors_info=\u00bb{}\u00bb][\/et_pb_text][\/et_pb_column][\/et_pb_row][\/et_pb_section][et_pb_section fb_built=\u00bb1&#8243; _builder_version=\u00bb4.27.2&#8243; _module_preset=\u00bbdefault\u00bb custom_padding=\u00bb4px|||||\u00bb global_colors_info=\u00bb{}\u00bb][et_pb_row _builder_version=\u00bb4.27.4&#8243; _module_preset=\u00bbdefault\u00bb width=\u00bb100%\u00bb custom_padding=\u00bb||11px|||\u00bb locked=\u00bboff\u00bb global_colors_info=\u00bb{}\u00bb][et_pb_column type=\u00bb4_4&#8243; _builder_version=\u00bb4.27.4&#8243; _module_preset=\u00bbdefault\u00bb global_colors_info=\u00bb{}\u00bb][et_pb_text _builder_version=\u00bb4.27.2&#8243; _module_preset=\u00bbdefault\u00bb header_font_size=\u00bb28px\u00bb header_2_font=\u00bbPoppins|700|||||||\u00bb header_2_text_color=\u00bb#19b2ab\u00bb header_2_font_size=\u00bb36px\u00bb custom_margin=\u00bb||10px|||\u00bb custom_padding_tablet=\u00bb\u00bb custom_padding_phone=\u00bb|25px||25px|false|false\u00bb custom_padding_last_edited=\u00bbon|phone\u00bb header_2_font_size_tablet=\u00bb36px\u00bb header_2_font_size_phone=\u00bb36px\u00bb header_2_font_size_last_edited=\u00bbon|desktop\u00bb global_colors_info=\u00bb{}\u00bb]<\/p>\n<h2 style=\"text-align: center;\"><span class=\"OYPEnA font-feature-liga-off font-feature-clig-off font-feature-calt-off text-decoration-none text-strikethrough-none\">Blog<\/span><\/h2>\n<h3 style=\"text-align: center;\"><span class=\"OYPEnA font-feature-liga-off font-feature-clig-off font-feature-calt-off text-decoration-none text-strikethrough-none\" style=\"color: #333333;\">Traducci\u00f3n, idiomas y tendencias<\/span><\/h3>\n<p>[\/et_pb_text][et_pb_text content_tablet=\u00bb<\/p>\n<p style=%22text-align: center;%22><span class=%22OYPEnA font-feature-liga-off font-feature-clig-off font-feature-calt-off text-decoration-none text-strikethrough-none%22>Encuentra art\u00edculos \u00fatiles para saber todo lo que necesitas sobre interpretaci\u00f3n<\/span><\/p>\n<p>\u00bb content_phone=\u00bb<\/p>\n<p style=%22text-align: center;%22><span class=%22OYPEnA font-feature-liga-off font-feature-clig-off font-feature-calt-off text-decoration-none text-strikethrough-none%22>Encuentra art\u00edculos \u00fatiles para saber todo lo que necesitas sobre interpretaci\u00f3n<\/span><\/p>\n<p>\u00bb content_last_edited=\u00bbon|phone\u00bb admin_label=\u00bbQuote\u00bb _builder_version=\u00bb4.27.2&#8243; text_font=\u00bbRoboto|300|||||||\u00bb text_text_color=\u00bb#000000&#8243; text_font_size=\u00bb18px\u00bb text_line_height=\u00bb1.6em\u00bb header_3_font=\u00bbRoboto||||||||\u00bb text_font_size_tablet=\u00bb18px\u00bb text_font_size_phone=\u00bb16px\u00bb text_font_size_last_edited=\u00bbon|phone\u00bb locked=\u00bboff\u00bb global_colors_info=\u00bb{}\u00bb]<\/p>\n<p style=\"text-align: center;\"><span class=\"OYPEnA font-feature-liga-off font-feature-clig-off font-feature-calt-off text-decoration-none text-strikethrough-none\">Encuentra art\u00edculos \u00fatiles para saber todo lo que necesitas sobre interpretaci\u00f3n<\/span><\/p>\n<p>[\/et_pb_text][\/et_pb_column][\/et_pb_row][et_pb_row _builder_version=\u00bb4.27.2&#8243; _module_preset=\u00bbdefault\u00bb global_colors_info=\u00bb{}\u00bb][et_pb_column type=\u00bb4_4&#8243; _builder_version=\u00bb4.27.2&#8243; _module_preset=\u00bbdefault\u00bb global_colors_info=\u00bb{}\u00bb][et_pb_blog fullwidth=\u00bboff\u00bb posts_number=\u00bb3&#8243; include_categories=\u00bb63,1&#8243; use_manual_excerpt=\u00bboff\u00bb excerpt_length=\u00bb0&#8243; show_more=\u00bbon\u00bb show_author=\u00bboff\u00bb _builder_version=\u00bb4.27.2&#8243; _module_preset=\u00bbdefault\u00bb global_colors_info=\u00bb{}\u00bb][\/et_pb_blog][\/et_pb_column][\/et_pb_row][\/et_pb_section]<\/p>\n","protected":false},"excerpt":{"rendered":"<p>Supera la barrera del idioma en tiempo real con nuestros servicios de interpretaci\u00f3n.De manera presencial o remota, te respaldamos en cada pasoAsistencia para tu evento Enf\u00f3quese en crear un evento inolvidable, mientras nuestro equipo de expertos en gesti\u00f3n de proyectos y soporte t\u00e9cnico se encarga de todos los detalles. \u00a1Obtenga el servicio perfecto para usted!Versatilidad [&hellip;]<\/p>\n","protected":false},"author":1,"featured_media":0,"parent":0,"menu_order":0,"comment_status":"closed","ping_status":"closed","template":"","meta":{"_et_pb_use_builder":"on","_et_pb_old_content":"","_et_gb_content_width":"","footnotes":""},"class_list":["post-2858","page","type-page","status-publish","hentry"],"aioseo_notices":[],"featured_media_urls":[],"_links":{"self":[{"href":"https:\/\/swap.com.co\/inicio\/wp-json\/wp\/v2\/pages\/2858","targetHints":{"allow":["GET"]}}],"collection":[{"href":"https:\/\/swap.com.co\/inicio\/wp-json\/wp\/v2\/pages"}],"about":[{"href":"https:\/\/swap.com.co\/inicio\/wp-json\/wp\/v2\/types\/page"}],"author":[{"embeddable":true,"href":"https:\/\/swap.com.co\/inicio\/wp-json\/wp\/v2\/users\/1"}],"replies":[{"embeddable":true,"href":"https:\/\/swap.com.co\/inicio\/wp-json\/wp\/v2\/comments?post=2858"}],"version-history":[{"count":34,"href":"https:\/\/swap.com.co\/inicio\/wp-json\/wp\/v2\/pages\/2858\/revisions"}],"predecessor-version":[{"id":3540,"href":"https:\/\/swap.com.co\/inicio\/wp-json\/wp\/v2\/pages\/2858\/revisions\/3540"}],"wp:attachment":[{"href":"https:\/\/swap.com.co\/inicio\/wp-json\/wp\/v2\/media?parent=2858"}],"curies":[{"name":"wp","href":"https:\/\/api.w.org\/{rel}","templated":true}]}}